{"id":2,"date":"2010-09-27T03:17:37","date_gmt":"2010-09-27T03:17:37","guid":{"rendered":"http:\/\/lumulu.de\/blog\/?page_id=2"},"modified":"2018-07-01T20:38:16","modified_gmt":"2018-07-01T18:38:16","slug":"eine-seite","status":"publish","type":"page","link":"https:\/\/lumulu.de\/blog\/eine-seite\/","title":{"rendered":"Impressum"},"content":{"rendered":"<p><strong><\/br>Dieser Blog wird gestaltet von:<\/strong><br \/>\n<span style=\"text-decoration: underline;\"><em>Barbara Mudrow-Ludwig<\/em><\/span><br \/>\nNibelungenstra\u00dfe 2<br \/>\n68782 Br\u00fchl<\/p>\n<p><strong>Kontakt \u00fcber &#8230;<\/strong><br \/>\n&#8230; Telefon: 0049-1726997246<br \/>\n&#8230; E-Mail: <a href=\"mailto:schreibuns@lumulu.de\">schreibuns(at)lumulu(dot)de<\/a><br \/>\n&#8230; oder direkt hier \u00fcber Kommentare oder einen <a href=\"https:\/\/lumulu.de\/blog\/gastebuch\/\">G\u00e4stebucheintrag<\/a>.<\/p>\n<p><strong>Bildrechte:<\/strong><br \/>\n\u00a9 Paul Ludwig<\/p>\n<p><strong>Verantwortlich f\u00fcr den Inhalt:<\/strong><br \/>\nBarbara Mudrow-Ludwig und Paul Ludwig<\/p>\n<p><em style=\"text-align:justify;\">Auf diesem Blog erscheinen ausnahmslos Texte, die wir selbst geschrieben haben und Fotos, die wir selbst gemacht haben. Wir betreiben ihn rein privat, er wird nicht kommerziell genutzt.<\/em><br \/>\n<em style=\"text-align:justify;\">S\u00e4mtliche Inhalte geben in jeder Hinsicht nur unseren pers\u00f6nlichen Eindruck wieder, es ergibt sich dadurch keinerlei Anspruch auf Richtigkeit, Vollst\u00e4ndigkeit und\/oder Aktualit\u00e4t. Downloads und Kopien dieser Seite sind nur f\u00fcr den privaten, nicht kommerziellen Gebrauch gestattet. F\u00fcr externe Links \u00fcbernehmen wir keine Haftung, f\u00fcr den Inhalt verlinkter Seiten sind ausschlie\u00dflich deren eigene Betreiber verantwortlich.<\/em><\/p>\n<p style=\"text-align: center;\"><a href=\"https:\/\/lumulu.de\/blog\/eine-seite\/wordle_lumulu-2\/\" rel=\"attachment wp-att-870\"><img decoding=\"async\" class=\"aligncenter size-medium wp-image-870\" title=\"Tag Cloud f\u00fcr den Lumulu-Blog\" src=\"https:\/\/lumulu.de\/blog\/wp-content\/uploads\/2010\/09\/wordle_lumulu-300x154.png\" alt=\"Eingef\u00fcgt am 01.03.2011.\" width=\"558\" height=\"286\" srcset=\"https:\/\/lumulu.de\/blog\/wp-content\/uploads\/2010\/09\/wordle_lumulu-300x154.png 300w, https:\/\/lumulu.de\/blog\/wp-content\/uploads\/2010\/09\/wordle_lumulu.png 830w\" sizes=\"(max-width: 558px) 100vw, 558px\" \/><\/a><\/p>\n","protected":false},"excerpt":{"rendered":"<p>Dieser Blog wird gestaltet von: Barbara Mudrow-Ludwig Nibelungenstra\u00dfe 2 68782 Br\u00fchl Kontakt \u00fcber &#8230; &#8230; Telefon: 0049-1726997246 &#8230; E-Mail: schreibuns(at)lumulu(dot)de &#8230; oder direkt hier \u00fcber Kommentare oder einen G\u00e4stebucheintrag. Bildrechte: \u00a9 Paul Ludwig Verantwortlich f\u00fcr den Inhalt: Barbara Mudrow-Ludwig und &hellip; <a href=\"https:\/\/lumulu.de\/blog\/eine-seite\/\">Weiterlesen <span class=\"meta-nav\">&rarr;<\/span><\/a><\/p>\n","protected":false},"author":3,"featured_media":0,"parent":0,"menu_order":0,"comment_status":"open","ping_status":"open","template":"","meta":{"footnotes":""},"class_list":["post-2","page","type-page","status-publish","hentry"],"_links":{"self":[{"href":"https:\/\/lumulu.de\/blog\/wp-json\/wp\/v2\/pages\/2","targetHints":{"allow":["GET"]}}],"collection":[{"href":"https:\/\/lumulu.de\/blog\/wp-json\/wp\/v2\/pages"}],"about":[{"href":"https:\/\/lumulu.de\/blog\/wp-json\/wp\/v2\/types\/page"}],"author":[{"embeddable":true,"href":"https:\/\/lumulu.de\/blog\/wp-json\/wp\/v2\/users\/3"}],"replies":[{"embeddable":true,"href":"https:\/\/lumulu.de\/blog\/wp-json\/wp\/v2\/comments?post=2"}],"version-history":[{"count":40,"href":"https:\/\/lumulu.de\/blog\/wp-json\/wp\/v2\/pages\/2\/revisions"}],"predecessor-version":[{"id":5477,"href":"https:\/\/lumulu.de\/blog\/wp-json\/wp\/v2\/pages\/2\/revisions\/5477"}],"wp:attachment":[{"href":"https:\/\/lumulu.de\/blog\/wp-json\/wp\/v2\/media?parent=2"}],"curies":[{"name":"wp","href":"https:\/\/api.w.org\/{rel}","templated":true}]}}